{"id":326,"date":"2016-09-19T11:47:46","date_gmt":"2016-09-19T11:47:46","guid":{"rendered":"http:\/\/joventut.alaquas.org\/?page_id=326"},"modified":"2022-12-27T14:00:59","modified_gmt":"2022-12-27T14:00:59","slug":"locals-assaig","status":"publish","type":"page","link":"http:\/\/joventut.alaquas.org\/index.php\/locals-assaig\/","title":{"rendered":"SALES D&#8217;ASSAIG"},"content":{"rendered":"\n<p>Amb l&#8217;objectiu de donar resposta a una demanda hist\u00f2rica plantejada pels grups de m\u00fasica locals, a causa de la inexist\u00e8ncia d\u2019estos en un principi, i la impossibilitat econ\u00f2mica de molts joves de llogar locals d&#8217;assaig pr\u00f2xims al municipi, l&#8217;Ajuntament d&#8217;Alaqu\u00e0s incorpor\u00e0 al projecte del Passatge la creaci\u00f3 dels locals d&#8217;assaig municipals.<\/p>\n\n\n\n<p>El Passatge compta amb 8 locals d&#8217;assaig, insonoritzats i condicionats ac\u00fasticament amb unes mesures adequades. Es disposa d\u2019una normativa interna, que regula la conviv\u00e8ncia dins del recinte. Cada local disposa de magatzems per a poder deixar material. Hi ha una sala polivalent per a poder fer concerts i disposa de camerinos per a poder-se canviar els membres dels grups despr\u00e9s d&#8217;assajos i concerts. Actualment fan \u00fas dels locals d\u2019assaig un total de 33 persones, totes elles majors de 18 anys.<\/p>\n\n\n<p>El Passatge disposa de:<\/p>\n<p><strong>Sis locals d&#8217;assig:<\/strong><\/p>\n<ul>\n<li>80\u20ac al mes o 6\u20ac per hora.<\/li>\n<li>Possibilitat de g\u00e0bia de magatzem.<\/li>\n<li>Aire condicionat\/calefacci\u00f3.<\/li>\n<li>Servei de neteja.<\/li>\n<\/ul>\n<div id='gallery-1' class='gallery galleryid-326 gallery-columns-4 gallery-size-medium'><figure class='gallery-item'>\n\t\t\t<div class='gallery-icon landscape'>\n\t\t\t\t<a href='http:\/\/joventut.alaquas.org\/index.php\/es\/locales-de-ensayo\/img-20180514-wa0007\/'><img width=\"300\" height=\"225\" src=\"http:\/\/joventut.alaquas.org\/wp-content\/uploads\/2018\/05\/IMG-20180514-WA0007-300x225.jpg\" class=\"attachment-medium size-medium\" alt=\"\" decoding=\"async\" loading=\"lazy\" srcset=\"http:\/\/joventut.alaquas.org\/wp-content\/uploads\/2018\/05\/IMG-20180514-WA0007-300x225.jpg 300w, http:\/\/joventut.alaquas.org\/wp-content\/uploads\/2018\/05\/IMG-20180514-WA0007-768x576.jpg 768w, http:\/\/joventut.alaquas.org\/wp-content\/uploads\/2018\/05\/IMG-20180514-WA0007-1024x768.jpg 1024w, http:\/\/joventut.alaquas.org\/wp-content\/uploads\/2018\/05\/IMG-20180514-WA0007.jpg 1600w\" sizes=\"(max-width: 300px) 100vw, 300px\" \/><\/a>\n\t\t\t<\/div><\/figure><figure class='gallery-item'>\n\t\t\t<div class='gallery-icon portrait'>\n\t\t\t\t<a href='http:\/\/joventut.alaquas.org\/index.php\/es\/locales-de-ensayo\/img-20180514-wa0004\/'><img width=\"225\" height=\"300\" src=\"http:\/\/joventut.alaquas.org\/wp-content\/uploads\/2018\/05\/IMG-20180514-WA0004-225x300.jpg\" class=\"attachment-medium size-medium\" alt=\"\" decoding=\"async\" loading=\"lazy\" srcset=\"http:\/\/joventut.alaquas.org\/wp-content\/uploads\/2018\/05\/IMG-20180514-WA0004-225x300.jpg 225w, http:\/\/joventut.alaquas.org\/wp-content\/uploads\/2018\/05\/IMG-20180514-WA0004-768x1024.jpg 768w, http:\/\/joventut.alaquas.org\/wp-content\/uploads\/2018\/05\/IMG-20180514-WA0004.jpg 1200w\" sizes=\"(max-width: 225px) 100vw, 225px\" \/><\/a>\n\t\t\t<\/div><\/figure><figure class='gallery-item'>\n\t\t\t<div class='gallery-icon landscape'>\n\t\t\t\t<a href='http:\/\/joventut.alaquas.org\/index.php\/es\/locales-de-ensayo\/img-20180514-wa0005\/'><img width=\"300\" height=\"225\" src=\"http:\/\/joventut.alaquas.org\/wp-content\/uploads\/2018\/05\/IMG-20180514-WA0005-300x225.jpg\" class=\"attachment-medium size-medium\" alt=\"\" decoding=\"async\" loading=\"lazy\" srcset=\"http:\/\/joventut.alaquas.org\/wp-content\/uploads\/2018\/05\/IMG-20180514-WA0005-300x225.jpg 300w, http:\/\/joventut.alaquas.org\/wp-content\/uploads\/2018\/05\/IMG-20180514-WA0005-768x576.jpg 768w, http:\/\/joventut.alaquas.org\/wp-content\/uploads\/2018\/05\/IMG-20180514-WA0005-1024x768.jpg 1024w, http:\/\/joventut.alaquas.org\/wp-content\/uploads\/2018\/05\/IMG-20180514-WA0005.jpg 1600w\" sizes=\"(max-width: 300px) 100vw, 300px\" \/><\/a>\n\t\t\t<\/div><\/figure><figure class='gallery-item'>\n\t\t\t<div class='gallery-icon landscape'>\n\t\t\t\t<a href='http:\/\/joventut.alaquas.org\/index.php\/es\/locales-de-ensayo\/img-20180514-wa0006\/'><img width=\"300\" height=\"225\" src=\"http:\/\/joventut.alaquas.org\/wp-content\/uploads\/2018\/05\/IMG-20180514-WA0006-300x225.jpg\" class=\"attachment-medium size-medium\" alt=\"\" decoding=\"async\" loading=\"lazy\" srcset=\"http:\/\/joventut.alaquas.org\/wp-content\/uploads\/2018\/05\/IMG-20180514-WA0006-300x225.jpg 300w, http:\/\/joventut.alaquas.org\/wp-content\/uploads\/2018\/05\/IMG-20180514-WA0006-768x576.jpg 768w, http:\/\/joventut.alaquas.org\/wp-content\/uploads\/2018\/05\/IMG-20180514-WA0006-1024x768.jpg 1024w, http:\/\/joventut.alaquas.org\/wp-content\/uploads\/2018\/05\/IMG-20180514-WA0006.jpg 1600w\" sizes=\"(max-width: 300px) 100vw, 300px\" \/><\/a>\n\t\t\t<\/div><\/figure>\n\t\t<\/div>\n\n<p>L<strong>ocal peixera i\u00a0Local cabina:<\/strong><\/p>\n<ul>\n<li>80\u20ac al mes o 6\u20ac per hora.<\/li>\n<li>Possibilitat de g\u00e0bia de magatzem.<\/li>\n<li>Aire condicionat\/calefacci\u00f3.<\/li>\n<li>Servei de neteja.<\/li>\n<\/ul>\n<p><a href=\"http:\/\/joventut.alaquas.org\/wp-content\/uploads\/2016\/09\/Normativa-locales-actualizada-octubre-2011.pdf\" target=\"_blank\" rel=\"noopener\">Normativas<\/a><\/p>\n<p><a href=\"http:\/\/joventut.alaquas.org\/wp-content\/uploads\/2016\/09\/solicitut-de-locals-passatge-2011.pdf\" target=\"_blank\" rel=\"noopener\">Sol\u00b7licitud de reserva dels locals d&#8217;assaig<\/a><\/p>","protected":false},"excerpt":{"rendered":"<p>Amb l&#8217;objectiu de donar resposta a una demanda hist\u00f2rica plantejada pels grups de m\u00fasica locals, a causa de la inexist\u00e8ncia d\u2019estos en un principi, i la impossibilitat econ\u00f2mica de molts joves de llogar locals d&#8217;assaig pr\u00f2xims al municipi, l&#8217;Ajuntament d&#8217;Alaqu\u00e0s incorpor\u00e0 al projecte del Passatge la creaci\u00f3 dels locals d&#8217;assaig municipals. El Passatge compta amb&#8230;<\/p>\n","protected":false},"author":2,"featured_media":0,"parent":0,"menu_order":0,"comment_status":"closed","ping_status":"closed","template":"","meta":{"_kad_post_transparent":"","_kad_post_title":"","_kad_post_layout":"","_kad_post_sidebar_id":"","_kad_post_content_style":"","_kad_post_vertical_padding":"","_kad_post_feature":"","_kad_post_feature_position":"","_kad_post_header":false,"_kad_post_footer":false},"aioseo_notices":[],"_links":{"self":[{"href":"http:\/\/joventut.alaquas.org\/index.php\/wp-json\/wp\/v2\/pages\/326"}],"collection":[{"href":"http:\/\/joventut.alaquas.org\/index.php\/wp-json\/wp\/v2\/pages"}],"about":[{"href":"http:\/\/joventut.alaquas.org\/index.php\/wp-json\/wp\/v2\/types\/page"}],"author":[{"embeddable":true,"href":"http:\/\/joventut.alaquas.org\/index.php\/wp-json\/wp\/v2\/users\/2"}],"replies":[{"embeddable":true,"href":"http:\/\/joventut.alaquas.org\/index.php\/wp-json\/wp\/v2\/comments?post=326"}],"version-history":[{"count":8,"href":"http:\/\/joventut.alaquas.org\/index.php\/wp-json\/wp\/v2\/pages\/326\/revisions"}],"predecessor-version":[{"id":2186,"href":"http:\/\/joventut.alaquas.org\/index.php\/wp-json\/wp\/v2\/pages\/326\/revisions\/2186"}],"wp:attachment":[{"href":"http:\/\/joventut.alaquas.org\/index.php\/wp-json\/wp\/v2\/media?parent=326"}],"curies":[{"name":"wp","href":"https:\/\/api.w.org\/{rel}","templated":true}]}}