{"id":2080,"date":"2022-12-19T13:40:28","date_gmt":"2022-12-19T13:40:28","guid":{"rendered":"https:\/\/joventut.alaquas.org\/?page_id=2080"},"modified":"2022-12-27T13:58:02","modified_gmt":"2022-12-27T13:58:02","slug":"qui-som","status":"publish","type":"page","link":"http:\/\/joventut.alaquas.org\/index.php\/qui-som\/","title":{"rendered":"QUI SOM?"},"content":{"rendered":"\n<p>El Centre Juvenil El Passatge, inaugurat en 2003, \u00e9s l\u2019equipament principal que t\u00e9 l\u2019Ajuntament d\u2019Alaqu\u00e0s per a joves.<\/p>\n\n\n\n<p>At\u00e8s que la informaci\u00f3 \u00e9s un element equilibrador de difer\u00e8ncies socials, el Departament de Joventut prepara i difon tota la informaci\u00f3 que rep i puga ser d\u2019inter\u00e9s per als joves. Al Passatge atenem presencialment, per tel\u00e8fon, per correu electr\u00f2nic o a trav\u00e9s de les xarxes socials, sobre els diferents Serveis i Programes de l\u2019Ajuntament d\u2019Alaqu\u00e0s, aix\u00ed com qualsevol altre tema d\u2019inter\u00e9s per als joves: ocupaci\u00f3, allotjament, viatges, intercanvis, voluntariat, cultura\u2026 Tamb\u00e9 atenem consultes que es formulen mitjan\u00e7ant el Servei d\u2019Informaci\u00f3 Europeu Eurodesk.<\/p>\n\n\n\n<p>El servei d&#8217;informaci\u00f3 juvenil de l&#8217;Ajuntament d&#8217;Alaqu\u00e0s va ser reconegut com a Centre d&#8217;Informaci\u00f3 Juvenil per la Conselleria de Cultura i l\u2019any 2003 va formar part de la Xarxa Valenciana d&#8217;Informaci\u00f3 Juvenil.<\/p>\n\n\n<div class=\"wp-block-image\">\n<figure class=\"aligncenter size-large\"><img decoding=\"async\" loading=\"lazy\" width=\"1024\" height=\"576\" src=\"http:\/\/joventut.alaquas.org\/wp-content\/uploads\/2022\/12\/WhatsApp-Image-2022-03-11-at-20.47.26-2-1024x576.jpeg\" alt=\"\" class=\"wp-image-2182\" srcset=\"http:\/\/joventut.alaquas.org\/wp-content\/uploads\/2022\/12\/WhatsApp-Image-2022-03-11-at-20.47.26-2-1024x576.jpeg 1024w, http:\/\/joventut.alaquas.org\/wp-content\/uploads\/2022\/12\/WhatsApp-Image-2022-03-11-at-20.47.26-2-300x169.jpeg 300w, http:\/\/joventut.alaquas.org\/wp-content\/uploads\/2022\/12\/WhatsApp-Image-2022-03-11-at-20.47.26-2-768x432.jpeg 768w, http:\/\/joventut.alaquas.org\/wp-content\/uploads\/2022\/12\/WhatsApp-Image-2022-03-11-at-20.47.26-2-1536x864.jpeg 1536w, http:\/\/joventut.alaquas.org\/wp-content\/uploads\/2022\/12\/WhatsApp-Image-2022-03-11-at-20.47.26-2.jpeg 1600w\" sizes=\"(max-width: 1024px) 100vw, 1024px\" \/><\/figure><\/div>\n\n\n<p>Amb la informaci\u00f3 que rebem o generem la compartim per les xarxes socials (Twitter @alaquasjove, Instagram @passatgejove), publiquem als webs <a href=\"http:\/\/www.alaquas.org\/\">www.alaquas.org<\/a>, <a href=\"http:\/\/joventut.alaquas.org\/\">joventut.alaquas.org<\/a>, <a href=\"http:\/\/www.joves.net\/\">www.joves.net<\/a> i taulers d\u2019anuncis del centre.<\/p>\n\n\n\n<p>Les fonts d\u2019informaci\u00f3 s\u00f3n diverses, el web de l&#8217;IVAJ, les aportacions fetes pels professionals de joventut a la Llista JOVES.net i a la Llista SIJ (llista de distribuci\u00f3 dels Serveis d&#8217;Informaci\u00f3 Juvenil de l\u2019l&#8217;IVAJ) i a l&#8217;acci\u00f3 coordinada dels Centres Juvenils de la Xarxa JOVES.net, ONG, etc.<\/p>\n\n\n\n<p>En el camp de la informaci\u00f3 digital i en xarxa, vam crear l&#8217;any 2002 conjuntament amb 23 departaments de Joventut una llista de distribuci\u00f3 d\u2019Informaci\u00f3 Juvenil a <a href=\"http:\/\/www.joves.net\/\">www.joves.net<\/a> oberta a tots els usuaris que vulguen accedir, en aquest moment m\u00e9s de 400 adreces hi s\u00f3n subscrites. Des d\u2019aquesta xarxa es pot rebre i enviar qualsevol tipus d\u2019informaci\u00f3 que es valore com a interessant per als usuaris de la llista. A m\u00e9s estem subscrits a altres llistes de tem\u00e0tica interessant per al departament, rebent aix\u00ed informacions variades.<\/p>\n\n\n<div class=\"wp-block-image\">\n<figure class=\"aligncenter size-large\"><img decoding=\"async\" loading=\"lazy\" width=\"768\" height=\"1024\" src=\"http:\/\/joventut.alaquas.org\/wp-content\/uploads\/2022\/12\/WhatsApp-Image-2022-09-30-at-13.25.28-768x1024.jpeg\" alt=\"\" class=\"wp-image-2183\" srcset=\"http:\/\/joventut.alaquas.org\/wp-content\/uploads\/2022\/12\/WhatsApp-Image-2022-09-30-at-13.25.28-768x1024.jpeg 768w, http:\/\/joventut.alaquas.org\/wp-content\/uploads\/2022\/12\/WhatsApp-Image-2022-09-30-at-13.25.28-225x300.jpeg 225w, http:\/\/joventut.alaquas.org\/wp-content\/uploads\/2022\/12\/WhatsApp-Image-2022-09-30-at-13.25.28-1152x1536.jpeg 1152w, http:\/\/joventut.alaquas.org\/wp-content\/uploads\/2022\/12\/WhatsApp-Image-2022-09-30-at-13.25.28.jpeg 1536w\" sizes=\"(max-width: 768px) 100vw, 768px\" \/><\/figure><\/div>\n\n\n<p><\/p>\n\n\n\n<p><br><\/p>\n\n\n\n<p><br><br>Av. Blasco Ib\u00e1\u00f1ez, 57<br>46970 Alaqu\u00e0s (Val\u00e8ncia)<br>email:&nbsp;<a href=\"mailto:joves@joves.net\">departamentjoventut@alaquas.org<\/a><br>Tel\u00e8fon: 96 1502343<\/p>\n","protected":false},"excerpt":{"rendered":"<p>El Centre Juvenil El Passatge, inaugurat en 2003, \u00e9s l\u2019equipament principal que t\u00e9 l\u2019Ajuntament d\u2019Alaqu\u00e0s per a joves. At\u00e8s que la informaci\u00f3 \u00e9s un element equilibrador de difer\u00e8ncies socials, el Departament de Joventut prepara i difon tota la informaci\u00f3 que rep i puga ser d\u2019inter\u00e9s per als joves. Al Passatge atenem presencialment, per tel\u00e8fon, per&#8230;<\/p>\n","protected":false},"author":2,"featured_media":0,"parent":0,"menu_order":0,"comment_status":"closed","ping_status":"closed","template":"","meta":{"_kad_post_transparent":"","_kad_post_title":"","_kad_post_layout":"","_kad_post_sidebar_id":"","_kad_post_content_style":"","_kad_post_vertical_padding":"","_kad_post_feature":"","_kad_post_feature_position":"","_kad_post_header":false,"_kad_post_footer":false},"aioseo_notices":[],"_links":{"self":[{"href":"http:\/\/joventut.alaquas.org\/index.php\/wp-json\/wp\/v2\/pages\/2080"}],"collection":[{"href":"http:\/\/joventut.alaquas.org\/index.php\/wp-json\/wp\/v2\/pages"}],"about":[{"href":"http:\/\/joventut.alaquas.org\/index.php\/wp-json\/wp\/v2\/types\/page"}],"author":[{"embeddable":true,"href":"http:\/\/joventut.alaquas.org\/index.php\/wp-json\/wp\/v2\/users\/2"}],"replies":[{"embeddable":true,"href":"http:\/\/joventut.alaquas.org\/index.php\/wp-json\/wp\/v2\/comments?post=2080"}],"version-history":[{"count":3,"href":"http:\/\/joventut.alaquas.org\/index.php\/wp-json\/wp\/v2\/pages\/2080\/revisions"}],"predecessor-version":[{"id":2184,"href":"http:\/\/joventut.alaquas.org\/index.php\/wp-json\/wp\/v2\/pages\/2080\/revisions\/2184"}],"wp:attachment":[{"href":"http:\/\/joventut.alaquas.org\/index.php\/wp-json\/wp\/v2\/media?parent=2080"}],"curies":[{"name":"wp","href":"https:\/\/api.w.org\/{rel}","templated":true}]}}