{"id":2048,"date":"2022-12-19T10:51:06","date_gmt":"2022-12-19T10:51:06","guid":{"rendered":"https:\/\/joventut.alaquas.org\/?page_id=2048"},"modified":"2022-12-27T14:06:02","modified_gmt":"2022-12-27T14:06:02","slug":"pla-jove","status":"publish","type":"page","link":"http:\/\/joventut.alaquas.org\/index.php\/pla-jove\/","title":{"rendered":"PLA JOVE"},"content":{"rendered":"\n<p>Per a l\u2019elaboraci\u00f3 del I Pla de Joventut de l\u2019Ajuntament d\u2019Alaqu\u00e0s, ha elaborat una enquesta per a joves entre 12 i 30 anys, i en 2021 es va fer una \u00e0mplia difusi\u00f3 per a la participaci\u00f3 en ella, i amb les dades recaptades poder fer pol\u00edtiques de millora de les condicions de vida de la poblaci\u00f3 jove del municipi, coneixent les seues necessitats, inquietuds, preocupacions i motivacions. Per a la realitzaci\u00f3 del Pla necessitem disposar d\u2019una foto real de la situaci\u00f3 actual del joves del municipi en tots els \u00e0mbits i esferes de la vida, a\u00e7\u00f2 ens du a la realitzaci\u00f3 del diagn\u00f2stic, per a permetre investigar i posteriorment diagnosticar. Mitjan\u00e7ant el diagn\u00f2stic identificarem les necessitats, problemes, interessos i oportunitats de millora de la joventut. Ens ajudar\u00e0 a definir la llista de les prioritats i els objectius, estrat\u00e8gies d\u2019actuaci\u00f3 i pla a seguir i amb tota aquesta informaci\u00f3 s\u2019elaborar\u00e0 el Pla de Joventut.<\/p>\n","protected":false},"excerpt":{"rendered":"<p>Per a l\u2019elaboraci\u00f3 del I Pla de Joventut de l\u2019Ajuntament d\u2019Alaqu\u00e0s, ha elaborat una enquesta per a joves entre 12 i 30 anys, i en 2021 es va fer una \u00e0mplia difusi\u00f3 per a la participaci\u00f3 en ella, i amb les dades recaptades poder fer pol\u00edtiques de millora de les condicions de vida de la&#8230;<\/p>\n","protected":false},"author":2,"featured_media":0,"parent":0,"menu_order":0,"comment_status":"closed","ping_status":"closed","template":"","meta":{"_kad_post_transparent":"","_kad_post_title":"","_kad_post_layout":"","_kad_post_sidebar_id":"","_kad_post_content_style":"","_kad_post_vertical_padding":"","_kad_post_feature":"","_kad_post_feature_position":"","_kad_post_header":false,"_kad_post_footer":false},"aioseo_notices":[],"_links":{"self":[{"href":"http:\/\/joventut.alaquas.org\/index.php\/wp-json\/wp\/v2\/pages\/2048"}],"collection":[{"href":"http:\/\/joventut.alaquas.org\/index.php\/wp-json\/wp\/v2\/pages"}],"about":[{"href":"http:\/\/joventut.alaquas.org\/index.php\/wp-json\/wp\/v2\/types\/page"}],"author":[{"embeddable":true,"href":"http:\/\/joventut.alaquas.org\/index.php\/wp-json\/wp\/v2\/users\/2"}],"replies":[{"embeddable":true,"href":"http:\/\/joventut.alaquas.org\/index.php\/wp-json\/wp\/v2\/comments?post=2048"}],"version-history":[{"count":2,"href":"http:\/\/joventut.alaquas.org\/index.php\/wp-json\/wp\/v2\/pages\/2048\/revisions"}],"predecessor-version":[{"id":2190,"href":"http:\/\/joventut.alaquas.org\/index.php\/wp-json\/wp\/v2\/pages\/2048\/revisions\/2190"}],"wp:attachment":[{"href":"http:\/\/joventut.alaquas.org\/index.php\/wp-json\/wp\/v2\/media?parent=2048"}],"curies":[{"name":"wp","href":"https:\/\/api.w.org\/{rel}","templated":true}]}}