{"id":1936,"date":"2022-01-07T07:44:42","date_gmt":"2022-01-07T07:44:42","guid":{"rendered":"http:\/\/joventut.alaquas.org\/?page_id=1936"},"modified":"2023-01-09T07:50:54","modified_gmt":"2023-01-09T07:50:54","slug":"carnet-jove-2","status":"publish","type":"page","link":"http:\/\/joventut.alaquas.org\/index.php\/es\/carnet-jove-2\/","title":{"rendered":"CARNET JOVEN"},"content":{"rendered":"\n<h2>DESDE EL 1 DE ENERO DE 2023 EL CARNET JOVE DEL IVAJ SER\u00c1 GRATUITO.<\/h2>\n\n\n\n<h3><strong>Hazte con el nuevo\u00a0<em>Carnet Jove digital<\/em>. Solo necesitar\u00e1s un DNI* o NIE* en vigor y una tarjeta bancaria.<\/strong><\/h3>\n\n\n\n<p>Para tramitar tu&nbsp;<em>Carnet Jove digital<\/em>&nbsp;primero consulta las&nbsp;<a href=\"https:\/\/ivaj.gva.es\/documents\/164427600\/364542579\/INSTRUCCIONES+COMPRA+CJ+ON+LINE_ACTUALIZADAS_CAS.pdf\/0424f85a-ae66-7fb2-6ef8-8da70a421567?t=1665735238479\" target=\"_blank\" rel=\"noreferrer noopener\">instrucciones<\/a>, despu\u00e9s sigue las indicaciones de este&nbsp;<a href=\"https:\/\/ivaj.gva.es\/IVAJWEB\/ventaOnlineCj?idioma=es&amp;pk=CARNETJOVE-CAB\" target=\"_blank\" rel=\"noreferrer noopener\">enlace<\/a><a href=\"https:\/\/ivaj.gva.es\/documents\/164427600\/164429743\/Carnet+Jove+LISTADO+SEPT.pdf\/4661d373-dae1-f4d5-91f0-8cd762ec8afb?t=1667917519732\">,<\/a>&nbsp;y lo tendr\u00e1s descargado (en formato PDF) en tu m\u00f3vil en el momento.<\/p>\n\n\n\n<p><strong>IMPORTANTE: Tienes que<\/strong>&nbsp;<strong>tener instalado un lector b\u00e1sico de PDF&nbsp;en el dispositivo en el cual vayas a descargarlo (y\/o utilizarlo).&nbsp;Adem\u00e1s, tendr\u00e1s que proporcionarnos una direcci\u00f3n de correo electr\u00f3nico v\u00e1lida.<\/strong><\/p>\n\n\n\n<p>Los requisitos para sac\u00e1rtelo son tener entre 14 y 30 a\u00f1os y abonar la tasa correspondiente (<a href=\"https:\/\/ivaj.gva.es\/es\/exempcions-bonificacions\">consultar exenciones y bonificaciones<\/a>*). Su validez es de 2 a\u00f1os. DESDE EL 1 DE ENERO DE 2023 EL CARNET JOVE DEL IVAJ SER\u00c1 GRATUITO.<\/p>\n\n\n\n<p>Si una vez descargado tu Carnet Jove digital quieres obtenerlo en&nbsp;<em>formato f\u00edsico&nbsp;<\/em>puedes contactar con alguno de los ayuntamientos del siguiente<a href=\"https:\/\/ivaj.gva.es\/documents\/164427600\/0\/LLISTAT+SEPT+%282%29.pdf\/8202c030-4862-8556-51f5-8792578f70a0?t=1665645647251\">&nbsp;<\/a><a href=\"https:\/\/ivaj.gva.es\/documents\/164427600\/164429743\/Carnet+Jove+LISTADO+25.pdf\/e9c25172-89da-2d55-34f8-ed0947bf39c3?t=1669367405992\" target=\"_blank\" rel=\"noreferrer noopener\">listado<\/a><a href=\"https:\/\/ivaj.gva.es\/documents\/164427600\/164429743\/Carnet+Jove+LISTADO+18.pdf\/9e30f2bc-82f8-2ec2-a1a7-58ba130bd076?t=1668766762109\">&nbsp;<\/a>y\/o consultar este&nbsp;<a href=\"https:\/\/ivaj.gva.es\/es\/ayuntamientos-carnet-jove\">mapa<\/a>, o acudir a alguna de las&nbsp;<a href=\"https:\/\/ivaj.gva.es\/es\/horarios-y-direcciones\">oficinas del IVAJ<\/a>.<\/p>\n\n\n\n<p>Adem\u00e1s puerta integrado\u00a0el\u00a0<a href=\"https:\/\/ivaj.gva.es\/es\/carne-de-alberguista?p_p_id=56_INSTANCE_MaTu9mb2SXmg&amp;p_p_lifecycle=0&amp;p_p_state=normal&amp;p_p_mode=view&amp;p_p_col_id=column-2&amp;p_p_col_count=2\">Carn\u00e9 de Alberguista<\/a>\u00a0con todos sus descuentos y ventajas a\u00f1adidas.<\/p>\n\n\n\n<h3>Tambi\u00e9n puedes tramitarlo como&nbsp;<a href=\"https:\/\/ivaj.gva.es\/es\/targeta-financera\"><strong>tarjeta financiera<\/strong><\/a>.&nbsp;<\/h3>\n\n\n\n<p>Con tu&nbsp;<strong>Carnet Jove<\/strong>&nbsp;sacar\u00e1s&nbsp;el m\u00e1ximo provecho al tiempo libre y obtendr\u00e1s a la vez importantes ventajas. Podr\u00e1s beneficiarte de descuentos en bienes y servicios de car\u00e1cter social, cultural, de transporte, educativo, recreativo, deportivo, de consumo, etc., en la Comunidad Valenciana, en el resto de Comunidades Aut\u00f3nomas y a Europa.<\/p>\n\n\n\n<p>Este programa se desarrolla conjuntamente con el resto de Comunidades Aut\u00f3nomas y con m\u00e1s de 30&nbsp;pa\u00edses del entorno europeo que conponen la Asociaci\u00f3n&nbsp;<a href=\"https:\/\/www.eyca.org\/\">del Carn\u00e9 Joven&nbsp;Europeo&nbsp;(EYCA)<\/a>, entidad con sede en&nbsp;Bruselas, que garantiza la reciprocidad de las citadas ventajas en los diferentes pa\u00edses adscritos.<\/p>\n\n\n\n<p><a href=\"https:\/\/ivaj.gva.es\/es\/descuentos\"><em><strong>Consulta todos los descuentos del Carnet Jove<\/strong><\/em><\/a><\/p>\n\n\n\n<p><strong>M\u00e1s informaci\u00f3n sobre Carnet Jove<\/strong>:&nbsp;<strong>963 108 513 \/ 961 839 497<\/strong><\/p>\n\n\n\n<figure class=\"wp-block-image size-large\"><img decoding=\"async\" loading=\"lazy\" width=\"1024\" height=\"684\" src=\"http:\/\/joventut.alaquas.org\/wp-content\/uploads\/2022\/01\/carnet-jove-anverso-y-reverso-1-1024x684.png\" alt=\"\" class=\"wp-image-1927\" srcset=\"http:\/\/joventut.alaquas.org\/wp-content\/uploads\/2022\/01\/carnet-jove-anverso-y-reverso-1-1024x684.png 1024w, http:\/\/joventut.alaquas.org\/wp-content\/uploads\/2022\/01\/carnet-jove-anverso-y-reverso-1-300x200.png 300w, http:\/\/joventut.alaquas.org\/wp-content\/uploads\/2022\/01\/carnet-jove-anverso-y-reverso-1-768x513.png 768w, http:\/\/joventut.alaquas.org\/wp-content\/uploads\/2022\/01\/carnet-jove-anverso-y-reverso-1.png 1262w\" sizes=\"(max-width: 1024px) 100vw, 1024px\" \/><\/figure>\n\n\n\n<p>Aqu\u00ed puedes descargarte toda la informaci\u00f3n del tr\u00e1mite:<\/p>\n\n\n\n<div class=\"is-layout-flex wp-container-5 wp-block-columns\">\n<div class=\"is-layout-flow wp-block-column\">\n<div class=\"is-layout-flex wp-container-3 wp-block-columns\">\n<div class=\"is-layout-flow wp-block-column\">\n<div class=\"wp-block-file\"><object class=\"wp-block-file__embed\" data=\"http:\/\/joventut.alaquas.org\/wp-content\/uploads\/2022\/07\/Carnet-Jove-A5-marc-2022-en-cas-1.pdf\" type=\"application\/pdf\" style=\"width:100%;height:200px\" aria-label=\"Incrustado de Carnet-Jove-A5-marc-2022-en-cas-1.\"><\/object><a id=\"wp-block-file--media-d9d6bb56-4067-49f0-a508-f7b02a87f3f7\" href=\"http:\/\/joventut.alaquas.org\/wp-content\/uploads\/2022\/07\/Carnet-Jove-A5-marc-2022-en-cas-1.pdf\">Carnet-Jove-A5-marc-2022-en-cas-1<\/a><a href=\"http:\/\/joventut.alaquas.org\/wp-content\/uploads\/2022\/07\/Carnet-Jove-A5-marc-2022-en-cas-1.pdf\" class=\"wp-block-file__button wp-element-button\" download aria-describedby=\"wp-block-file--media-d9d6bb56-4067-49f0-a508-f7b02a87f3f7\">Descarga<\/a><\/div>\n<\/div>\n\n\n\n<div class=\"is-layout-flow wp-block-column\">\n<div class=\"wp-block-file\"><object class=\"wp-block-file__embed\" data=\"http:\/\/joventut.alaquas.org\/wp-content\/uploads\/2022\/01\/Formulari-NOU-CARNET-JOVE.pdf\" type=\"application\/pdf\" style=\"width:100%;height:200px\" aria-label=\"Incrustado de Formulari-NOU-CARNET-JOVE.\"><\/object><a id=\"wp-block-file--media-b3187c48-0c05-422c-b2d8-fc1cf60a20fd\" href=\"http:\/\/joventut.alaquas.org\/wp-content\/uploads\/2022\/01\/Formulari-NOU-CARNET-JOVE.pdf\">Formulari-NOU-CARNET-JOVE<\/a><a href=\"http:\/\/joventut.alaquas.org\/wp-content\/uploads\/2022\/01\/Formulari-NOU-CARNET-JOVE.pdf\" class=\"wp-block-file__button wp-element-button\" download aria-describedby=\"wp-block-file--media-b3187c48-0c05-422c-b2d8-fc1cf60a20fd\">Descarga<\/a><\/div>\n<\/div>\n<\/div>\n<\/div>\n<\/div>\n","protected":false},"excerpt":{"rendered":"<p>DESDE EL 1 DE ENERO DE 2023 EL CARNET JOVE DEL IVAJ SER\u00c1 GRATUITO. Hazte con el nuevo\u00a0Carnet Jove digital. Solo necesitar\u00e1s un DNI* o NIE* en vigor y una tarjeta bancaria. Para tramitar tu&nbsp;Carnet Jove digital&nbsp;primero consulta las&nbsp;instrucciones, despu\u00e9s sigue las indicaciones de este&nbsp;enlace,&nbsp;y lo tendr\u00e1s descargado (en formato PDF) en tu m\u00f3vil en&#8230;<\/p>\n","protected":false},"author":2,"featured_media":1927,"parent":0,"menu_order":0,"comment_status":"closed","ping_status":"closed","template":"","meta":{"_kad_post_transparent":"","_kad_post_title":"","_kad_post_layout":"","_kad_post_sidebar_id":"","_kad_post_content_style":"","_kad_post_vertical_padding":"","_kad_post_feature":"","_kad_post_feature_position":"","_kad_post_header":false,"_kad_post_footer":false},"aioseo_notices":[],"_links":{"self":[{"href":"http:\/\/joventut.alaquas.org\/index.php\/wp-json\/wp\/v2\/pages\/1936"}],"collection":[{"href":"http:\/\/joventut.alaquas.org\/index.php\/wp-json\/wp\/v2\/pages"}],"about":[{"href":"http:\/\/joventut.alaquas.org\/index.php\/wp-json\/wp\/v2\/types\/page"}],"author":[{"embeddable":true,"href":"http:\/\/joventut.alaquas.org\/index.php\/wp-json\/wp\/v2\/users\/2"}],"replies":[{"embeddable":true,"href":"http:\/\/joventut.alaquas.org\/index.php\/wp-json\/wp\/v2\/comments?post=1936"}],"version-history":[{"count":6,"href":"http:\/\/joventut.alaquas.org\/index.php\/wp-json\/wp\/v2\/pages\/1936\/revisions"}],"predecessor-version":[{"id":2194,"href":"http:\/\/joventut.alaquas.org\/index.php\/wp-json\/wp\/v2\/pages\/1936\/revisions\/2194"}],"wp:featuredmedia":[{"embeddable":true,"href":"http:\/\/joventut.alaquas.org\/index.php\/wp-json\/wp\/v2\/media\/1927"}],"wp:attachment":[{"href":"http:\/\/joventut.alaquas.org\/index.php\/wp-json\/wp\/v2\/media?parent=1936"}],"curies":[{"name":"wp","href":"https:\/\/api.w.org\/{rel}","templated":true}]}}